{"id":1331,"date":"2025-05-04T13:06:28","date_gmt":"2025-05-04T11:06:28","guid":{"rendered":"https:\/\/stopauxviolencesdetat.fr\/?page_id=1331"},"modified":"2025-05-04T14:31:28","modified_gmt":"2025-05-04T12:31:28","slug":"kit-mobilisation-contre-marche-du-11-mai-2025-contre-l-islamophobie","status":"publish","type":"page","link":"https:\/\/stopauxviolencesdetat.fr\/index.php\/kit-mobilisation-contre-marche-du-11-mai-2025-contre-l-islamophobie\/","title":{"rendered":"KIt mobilisation contre &#8211; Marche du 11 mai 2025 contre l&rsquo;islamophobie"},"content":{"rendered":"\t\t<div data-elementor-type=\"wp-page\" data-elementor-id=\"1331\" class=\"elementor elementor-1331\" data-elementor-post-type=\"page\">\n\t\t\t\t<div class=\"elementor-element elementor-element-47ff7f1f e-con-full e-flex e-con e-parent\" data-id=\"47ff7f1f\" data-element_type=\"container\">\n\t\t<div class=\"elementor-element elementor-element-40fd4b0d e-con-full e-flex e-con e-child\" data-id=\"40fd4b0d\" data-element_type=\"container\" data-settings=\"{&quot;background_background&quot;:&quot;classic&quot;}\">\n\t\t\t\t<\/div>\n\t\t\t\t<\/div>\n\t\t<div class=\"elementor-element elementor-element-68ec0b29 e-flex e-con-boxed e-con e-parent\" data-id=\"68ec0b29\" data-element_type=\"container\" data-settings=\"{&quot;background_background&quot;:&quot;classic&quot;}\">\n\t\t\t\t\t<div class=\"e-con-inner\">\n\t\t<div class=\"elementor-element elementor-element-75222209 e-flex e-con-boxed e-con e-child\" data-id=\"75222209\" data-element_type=\"container\">\n\t\t\t\t\t<div class=\"e-con-inner\">\n\t\t<div class=\"elementor-element elementor-element-6cd0dbf6 e-con-full e-flex e-con e-child\" data-id=\"6cd0dbf6\" data-element_type=\"container\">\n\t\t<div class=\"elementor-element elementor-element-4b34febb e-con-full e-flex e-con e-child\" data-id=\"4b34febb\" data-element_type=\"container\">\n\t\t\t\t<div class=\"elementor-element elementor-element-2455f7ec elementor-widget elementor-widget-heading\" data-id=\"2455f7ec\" data-element_type=\"widget\" data-widget_type=\"heading.default\">\n\t\t\t\t<div class=\"elementor-widget-container\">\n\t\t\t\t\t<h2 class=\"elementor-heading-title elementor-size-default\">KIT MOBILISATION<\/h2>\t\t\t\t<\/div>\n\t\t\t\t<\/div>\n\t\t\t\t<\/div>\n\t\t\t\t<\/div>\n\t\t<div class=\"elementor-element elementor-element-3cb430a1 e-con-full e-flex e-con e-child\" data-id=\"3cb430a1\" data-element_type=\"container\">\n\t\t\t\t<div class=\"elementor-element elementor-element-1ab831e0 elementor-widget elementor-widget-text-editor\" data-id=\"1ab831e0\" data-element_type=\"widget\" data-widget_type=\"text-editor.default\">\n\t\t\t\t<div class=\"elementor-widget-container\">\n\t\t\t\t\t\t\t\t\t<p class=\"\" data-start=\"144\" data-end=\"210\">\ud83d\udce3 <strong data-start=\"147\" data-end=\"210\">Mobilisation pour Aboubakar Ciss\u00e9 \u2013 Manifestation du 11 mai<\/strong><\/p><p class=\"\" data-start=\"212\" data-end=\"435\">Cette page est d\u00e9di\u00e9e \u00e0 <strong data-start=\"236\" data-end=\"282\">toutes celles et ceux, musulman\u00b7es ou non,<\/strong> qui souhaitent <strong data-start=\"298\" data-end=\"330\">se mobiliser pour la justice<\/strong> et appeler \u00e0 une <strong data-start=\"348\" data-end=\"368\">pr\u00e9sence massive<\/strong> \u00e0 la manifestation du <strong data-start=\"391\" data-end=\"401\">11 mai<\/strong> en hommage \u00e0 <strong data-start=\"415\" data-end=\"434\">Aboubakar Ciss\u00e9<\/strong>.<\/p><p class=\"\" data-start=\"437\" data-end=\"515\">\ud83d\udc49 Vous pouvez y <strong data-start=\"454\" data-end=\"500\">t\u00e9l\u00e9charger un kit complet de mobilisation<\/strong> comprenant :<\/p><ul><li data-start=\"518\" data-end=\"560\">des <strong data-start=\"522\" data-end=\"534\">affiches<\/strong> \u00e0 imprimer ou partager,<\/li><li data-start=\"563\" data-end=\"593\">des <strong data-start=\"567\" data-end=\"577\">flyers<\/strong> \u00e0 distribuer largement<\/li><li data-start=\"596\" data-end=\"645\">des <strong data-start=\"600\" data-end=\"627\">posts, stories et reels<\/strong> pour Instagram,<\/li><li data-start=\"648\" data-end=\"678\">des visuels pour <strong data-start=\"665\" data-end=\"677\">WhatsApp<\/strong>.<\/li><li><strong data-start=\"262\" data-end=\"294\">Campagne \u00ab\u00a0je soutiens\u00a0\u00bb<\/strong>\u00a0: Lien canvas \u00e0 personnaliser pour les signataires.<\/li><li><strong data-start=\"488\" data-end=\"525\">Argumentaire et \u00e9l\u00e9ments de langage<\/strong>\u00a0: Comment convaincre, qui convaincre ?<\/li><\/ul><p class=\"\" data-start=\"680\" data-end=\"798\">\ud83d\udcf2 <strong data-start=\"683\" data-end=\"725\">Utilisez, partagez, diffusez largement<\/strong> : chaque geste compte pour que la v\u00e9rit\u00e9 et la justice soient entendues.<\/p><p class=\"\" data-start=\"800\" data-end=\"855\">\u270a\ud83c\udffd <strong data-start=\"804\" data-end=\"855\">Faisons nombre. Ne laissons pas l\u2019oubli gagner.<\/strong><\/p><p data-start=\"800\" data-end=\"855\">Nous restons disponibles pour toute demande.<\/p>\t\t\t\t\t\t\t\t<\/div>\n\t\t\t\t<\/div>\n\t\t\t\t<\/div>\n\t\t<div class=\"elementor-element elementor-element-6a9c20a e-con-full e-flex e-con e-child\" data-id=\"6a9c20a\" data-element_type=\"container\">\n\t\t\t\t<div class=\"elementor-element elementor-element-33f4fc2c elementor-widget elementor-widget-button\" data-id=\"33f4fc2c\" data-element_type=\"widget\" data-widget_type=\"button.default\">\n\t\t\t\t<div class=\"elementor-widget-container\">\n\t\t\t\t\t\t\t\t\t<div class=\"elementor-button-wrapper\">\n\t\t\t\t\t<a class=\"elementor-button elementor-button-link elementor-size-sm\" href=\"https:\/\/drive.google.com\/drive\/u\/1\/folders\/15_VmQyoaYLealh0ygaAN2ZtYy9ouUBGZ\">\n\t\t\t\t\t\t<span class=\"elementor-button-content-wrapper\">\n\t\t\t\t\t\t<span class=\"elementor-button-icon\">\n\t\t\t\t<svg aria-hidden=\"true\" class=\"e-font-icon-svg e-fas-download\" viewBox=\"0 0 512 512\" xmlns=\"http:\/\/www.w3.org\/2000\/svg\"><path d=\"M216 0h80c13.3 0 24 10.7 24 24v168h87.7c17.8 0 26.7 21.5 14.1 34.1L269.7 378.3c-7.5 7.5-19.8 7.5-27.3 0L90.1 226.1c-12.6-12.6-3.7-34.1 14.1-34.1H192V24c0-13.3 10.7-24 24-24zm296 376v112c0 13.3-10.7 24-24 24H24c-13.3 0-24-10.7-24-24V376c0-13.3 10.7-24 24-24h146.7l49 49c20.1 20.1 52.5 20.1 72.6 0l49-49H488c13.3 0 24 10.7 24 24zm-124 88c0-11-9-20-20-20s-20 9-20 20 9 20 20 20 20-9 20-20zm64 0c0-11-9-20-20-20s-20 9-20 20 9 20 20 20 20-9 20-20z\"><\/path><\/svg>\t\t\t<\/span>\n\t\t\t\t\t\t\t\t\t<span class=\"elementor-button-text\">t\u00e9l\u00e9charger le kit mobilisation<\/span>\n\t\t\t\t\t<\/span>\n\t\t\t\t\t<\/a>\n\t\t\t\t<\/div>\n\t\t\t\t\t\t\t\t<\/div>\n\t\t\t\t<\/div>\n\t\t\t\t<\/div>\n\t\t\t\t\t<\/div>\n\t\t\t\t<\/div>\n\t\t\t\t\t<\/div>\n\t\t\t\t<\/div>\n\t\t\t\t<\/div>\n\t\t","protected":false},"excerpt":{"rendered":"<p>KIT MOBILISATION \ud83d\udce3 Mobilisation pour Aboubakar Ciss\u00e9 \u2013 Manifestation du 11 mai Cette page est d\u00e9di\u00e9e \u00e0 toutes celles et ceux, musulman\u00b7es ou non, qui souhaitent se mobiliser pour la justice et appeler \u00e0 une pr\u00e9sence massive \u00e0 la manifestation du 11 mai en hommage \u00e0 Aboubakar Ciss\u00e9. \ud83d\udc49 Vous pouvez y t\u00e9l\u00e9charger un kit [&hellip;]<\/p>\n","protected":false},"author":1,"featured_media":0,"parent":0,"menu_order":0,"comment_status":"closed","ping_status":"closed","template":"","meta":{"footnotes":""},"class_list":["post-1331","page","type-page","status-publish","hentry"],"_links":{"self":[{"href":"https:\/\/stopauxviolencesdetat.fr\/index.php\/wp-json\/wp\/v2\/pages\/1331","targetHints":{"allow":["GET"]}}],"collection":[{"href":"https:\/\/stopauxviolencesdetat.fr\/index.php\/wp-json\/wp\/v2\/pages"}],"about":[{"href":"https:\/\/stopauxviolencesdetat.fr\/index.php\/wp-json\/wp\/v2\/types\/page"}],"author":[{"embeddable":true,"href":"https:\/\/stopauxviolencesdetat.fr\/index.php\/wp-json\/wp\/v2\/users\/1"}],"replies":[{"embeddable":true,"href":"https:\/\/stopauxviolencesdetat.fr\/index.php\/wp-json\/wp\/v2\/comments?post=1331"}],"version-history":[{"count":62,"href":"https:\/\/stopauxviolencesdetat.fr\/index.php\/wp-json\/wp\/v2\/pages\/1331\/revisions"}],"predecessor-version":[{"id":1400,"href":"https:\/\/stopauxviolencesdetat.fr\/index.php\/wp-json\/wp\/v2\/pages\/1331\/revisions\/1400"}],"wp:attachment":[{"href":"https:\/\/stopauxviolencesdetat.fr\/index.php\/wp-json\/wp\/v2\/media?parent=1331"}],"curies":[{"name":"wp","href":"https:\/\/api.w.org\/{rel}","templated":true}]}}