{"id":1068,"date":"2025-03-06T07:13:41","date_gmt":"2025-03-06T06:13:41","guid":{"rendered":"https:\/\/stopauxviolencesdetat.fr\/?page_id=1068"},"modified":"2025-04-18T16:40:48","modified_gmt":"2025-04-18T14:40:48","slug":"equipe","status":"publish","type":"page","link":"https:\/\/stopauxviolencesdetat.fr\/index.php\/equipe\/","title":{"rendered":"Equipe"},"content":{"rendered":"\t\t<div data-elementor-type=\"wp-page\" data-elementor-id=\"1068\" class=\"elementor elementor-1068\" data-elementor-post-type=\"page\">\n\t\t\t\t<div class=\"elementor-element elementor-element-7f4c7120 e-con-full e-flex e-con e-parent\" data-id=\"7f4c7120\" data-element_type=\"container\">\n\t\t<div class=\"elementor-element elementor-element-21165f8b e-con-full e-flex e-con e-child\" data-id=\"21165f8b\" data-element_type=\"container\" data-settings=\"{&quot;background_background&quot;:&quot;classic&quot;}\">\n\t\t\t\t<div class=\"elementor-element elementor-element-12eb1585 elementor-widget elementor-widget-heading\" data-id=\"12eb1585\" data-element_type=\"widget\" data-widget_type=\"heading.default\">\n\t\t\t\t<div class=\"elementor-widget-container\">\n\t\t\t\t\t<h1 class=\"elementor-heading-title elementor-size-default\">L'\u00e9quipe<\/h1>\t\t\t\t<\/div>\n\t\t\t\t<\/div>\n\t\t\t\t<\/div>\n\t\t\t\t<\/div>\n\t\t<div class=\"elementor-element elementor-element-1878f535 e-flex e-con-boxed e-con e-child\" data-id=\"1878f535\" data-element_type=\"container\" data-settings=\"{&quot;background_background&quot;:&quot;classic&quot;}\">\n\t\t\t\t\t<div class=\"e-con-inner\">\n\t\t<div class=\"elementor-element elementor-element-c69284c e-con-full e-flex e-con e-child\" data-id=\"c69284c\" data-element_type=\"container\">\n\t\t<div class=\"elementor-element elementor-element-70b34f5 e-con-full e-flex e-con e-child\" data-id=\"70b34f5\" data-element_type=\"container\">\n\t\t<div class=\"elementor-element elementor-element-159e533 e-con-full e-flex e-con e-child\" data-id=\"159e533\" data-element_type=\"container\" data-settings=\"{&quot;background_background&quot;:&quot;classic&quot;}\">\n\t\t\t\t<\/div>\n\t\t<div class=\"elementor-element elementor-element-27c6928 e-con-full e-flex e-con e-child\" data-id=\"27c6928\" data-element_type=\"container\" data-settings=\"{&quot;background_background&quot;:&quot;classic&quot;}\">\n\t\t\t\t<div class=\"elementor-element elementor-element-e9928bb elementor-widget elementor-widget-text-editor\" data-id=\"e9928bb\" data-element_type=\"widget\" data-widget_type=\"text-editor.default\">\n\t\t\t\t<div class=\"elementor-widget-container\">\n\t\t\t\t\t\t\t\t\t<p class=\"LC20lb MBeuO DKV0Md\">Samia El Khalfaoui<\/p>\t\t\t\t\t\t\t\t<\/div>\n\t\t\t\t<\/div>\n\t\t\t\t<\/div>\n\t\t\t\t<\/div>\n\t\t<div class=\"elementor-element elementor-element-b1f97da e-con-full e-flex e-con e-child\" data-id=\"b1f97da\" data-element_type=\"container\">\n\t\t<div class=\"elementor-element elementor-element-b43abf1 e-con-full e-flex e-con e-child\" data-id=\"b43abf1\" data-element_type=\"container\" data-settings=\"{&quot;background_background&quot;:&quot;classic&quot;}\">\n\t\t\t\t<\/div>\n\t\t<div class=\"elementor-element elementor-element-764552e e-con-full e-flex e-con e-child\" data-id=\"764552e\" data-element_type=\"container\">\n\t\t\t\t<div class=\"elementor-element elementor-element-6317954 elementor-widget elementor-widget-text-editor\" data-id=\"6317954\" data-element_type=\"widget\" data-widget_type=\"text-editor.default\">\n\t\t\t\t<div class=\"elementor-widget-container\">\n\t\t\t\t\t\t\t\t\t<p>Issam El Khalfaoui<\/p>\t\t\t\t\t\t\t\t<\/div>\n\t\t\t\t<\/div>\n\t\t\t\t<\/div>\n\t\t\t\t<\/div>\n\t\t\t\t<\/div>\n\t\t<div class=\"elementor-element elementor-element-9255330 e-con-full e-flex e-con e-child\" data-id=\"9255330\" data-element_type=\"container\">\n\t\t<div class=\"elementor-element elementor-element-5c9912b e-con-full e-flex e-con e-child\" data-id=\"5c9912b\" data-element_type=\"container\">\n\t\t<div class=\"elementor-element elementor-element-d74d4e3 e-con-full e-flex e-con e-child\" data-id=\"d74d4e3\" data-element_type=\"container\" data-settings=\"{&quot;background_background&quot;:&quot;classic&quot;}\">\n\t\t\t\t<\/div>\n\t\t<div class=\"elementor-element elementor-element-e860d8c e-con-full e-flex e-con e-child\" data-id=\"e860d8c\" data-element_type=\"container\" data-settings=\"{&quot;background_background&quot;:&quot;classic&quot;}\">\n\t\t\t\t<div class=\"elementor-element elementor-element-ba484d0 elementor-widget elementor-widget-text-editor\" data-id=\"ba484d0\" data-element_type=\"widget\" data-widget_type=\"text-editor.default\">\n\t\t\t\t<div class=\"elementor-widget-container\">\n\t\t\t\t\t\t\t\t\t<p class=\"LC20lb MBeuO DKV0Md\">Ja\u00ebraymie<\/p>\t\t\t\t\t\t\t\t<\/div>\n\t\t\t\t<\/div>\n\t\t\t\t<\/div>\n\t\t\t\t<\/div>\n\t\t<div class=\"elementor-element elementor-element-f51d0d4 e-con-full e-flex e-con e-child\" data-id=\"f51d0d4\" data-element_type=\"container\">\n\t\t<div class=\"elementor-element elementor-element-ed2d074 e-con-full e-flex e-con e-child\" data-id=\"ed2d074\" data-element_type=\"container\" data-settings=\"{&quot;background_background&quot;:&quot;classic&quot;}\">\n\t\t\t\t<\/div>\n\t\t<div class=\"elementor-element elementor-element-d5b8fd9 e-con-full e-flex e-con e-child\" data-id=\"d5b8fd9\" data-element_type=\"container\">\n\t\t\t\t<div class=\"elementor-element elementor-element-2c228a2 elementor-widget elementor-widget-text-editor\" data-id=\"2c228a2\" data-element_type=\"widget\" data-widget_type=\"text-editor.default\">\n\t\t\t\t<div class=\"elementor-widget-container\">\n\t\t\t\t\t\t\t\t\t<p>Juliette Jacobs<\/p>\t\t\t\t\t\t\t\t<\/div>\n\t\t\t\t<\/div>\n\t\t\t\t<\/div>\n\t\t\t\t<\/div>\n\t\t\t\t<\/div>\n\t\t\t\t\t<\/div>\n\t\t\t\t<\/div>\n\t\t<div class=\"elementor-element elementor-element-67e23f7 e-flex e-con-boxed e-con e-child\" data-id=\"67e23f7\" data-element_type=\"container\" data-settings=\"{&quot;background_background&quot;:&quot;classic&quot;}\">\n\t\t\t\t\t<div class=\"e-con-inner\">\n\t\t<div class=\"elementor-element elementor-element-1eafc31 e-con-full e-flex e-con e-child\" data-id=\"1eafc31\" data-element_type=\"container\">\n\t\t<div class=\"elementor-element elementor-element-dddc654 e-con-full e-flex e-con e-child\" data-id=\"dddc654\" data-element_type=\"container\">\n\t\t<div class=\"elementor-element elementor-element-d1223c2 e-con-full e-flex e-con e-child\" data-id=\"d1223c2\" data-element_type=\"container\" data-settings=\"{&quot;background_background&quot;:&quot;classic&quot;}\">\n\t\t\t\t<\/div>\n\t\t<div class=\"elementor-element elementor-element-bdd64f6 e-con-full e-flex e-con e-child\" data-id=\"bdd64f6\" data-element_type=\"container\" data-settings=\"{&quot;background_background&quot;:&quot;classic&quot;}\">\n\t\t\t\t<div class=\"elementor-element elementor-element-bf9da3a elementor-widget elementor-widget-text-editor\" data-id=\"bf9da3a\" data-element_type=\"widget\" data-widget_type=\"text-editor.default\">\n\t\t\t\t<div class=\"elementor-widget-container\">\n\t\t\t\t\t\t\t\t\t<p class=\"LC20lb MBeuO DKV0Md\">Carlotta Origoni<\/p>\t\t\t\t\t\t\t\t<\/div>\n\t\t\t\t<\/div>\n\t\t\t\t<\/div>\n\t\t\t\t<\/div>\n\t\t<div class=\"elementor-element elementor-element-75c3dce e-con-full e-flex e-con e-child\" data-id=\"75c3dce\" data-element_type=\"container\">\n\t\t<div class=\"elementor-element elementor-element-84c6289 e-con-full e-flex e-con e-child\" data-id=\"84c6289\" data-element_type=\"container\" data-settings=\"{&quot;background_background&quot;:&quot;classic&quot;}\">\n\t\t\t\t<\/div>\n\t\t<div class=\"elementor-element elementor-element-c947fe7 e-con-full e-flex e-con e-child\" data-id=\"c947fe7\" data-element_type=\"container\">\n\t\t\t\t<div class=\"elementor-element elementor-element-6547885 elementor-widget elementor-widget-text-editor\" data-id=\"6547885\" data-element_type=\"widget\" data-widget_type=\"text-editor.default\">\n\t\t\t\t<div class=\"elementor-widget-container\">\n\t\t\t\t\t\t\t\t\t<p>Julien Boustani<\/p>\t\t\t\t\t\t\t\t<\/div>\n\t\t\t\t<\/div>\n\t\t\t\t<\/div>\n\t\t\t\t<\/div>\n\t\t\t\t<\/div>\n\t\t<div class=\"elementor-element elementor-element-4be015c e-con-full e-flex e-con e-child\" data-id=\"4be015c\" data-element_type=\"container\">\n\t\t<div class=\"elementor-element elementor-element-46f0768 e-con-full e-flex e-con e-child\" data-id=\"46f0768\" data-element_type=\"container\">\n\t\t<div class=\"elementor-element elementor-element-b7b5a1b e-con-full e-flex e-con e-child\" data-id=\"b7b5a1b\" data-element_type=\"container\" data-settings=\"{&quot;background_background&quot;:&quot;classic&quot;}\">\n\t\t\t\t<\/div>\n\t\t<div class=\"elementor-element elementor-element-15fb93c e-con-full e-flex e-con e-child\" data-id=\"15fb93c\" data-element_type=\"container\" data-settings=\"{&quot;background_background&quot;:&quot;classic&quot;}\">\n\t\t\t\t<div class=\"elementor-element elementor-element-d2154ae elementor-widget elementor-widget-text-editor\" data-id=\"d2154ae\" data-element_type=\"widget\" data-widget_type=\"text-editor.default\">\n\t\t\t\t<div class=\"elementor-widget-container\">\n\t\t\t\t\t\t\t\t\t<p class=\"LC20lb MBeuO DKV0Md\">Anne Dani<\/p>\t\t\t\t\t\t\t\t<\/div>\n\t\t\t\t<\/div>\n\t\t\t\t<\/div>\n\t\t\t\t<\/div>\n\t\t<div class=\"elementor-element elementor-element-b8ed3cf e-con-full e-flex e-con e-child\" data-id=\"b8ed3cf\" data-element_type=\"container\">\n\t\t<div class=\"elementor-element elementor-element-4385585 e-con-full e-flex e-con e-child\" data-id=\"4385585\" data-element_type=\"container\" data-settings=\"{&quot;background_background&quot;:&quot;classic&quot;}\">\n\t\t\t\t<\/div>\n\t\t<div class=\"elementor-element elementor-element-7d70ad0 e-con-full e-flex e-con e-child\" data-id=\"7d70ad0\" data-element_type=\"container\">\n\t\t\t\t<div class=\"elementor-element elementor-element-12f2de5 elementor-widget elementor-widget-text-editor\" data-id=\"12f2de5\" data-element_type=\"widget\" data-widget_type=\"text-editor.default\">\n\t\t\t\t<div class=\"elementor-widget-container\">\n\t\t\t\t\t\t\t\t\t<p>Fabien Jobard<\/p>\t\t\t\t\t\t\t\t<\/div>\n\t\t\t\t<\/div>\n\t\t\t\t<\/div>\n\t\t\t\t<\/div>\n\t\t\t\t<\/div>\n\t\t\t\t\t<\/div>\n\t\t\t\t<\/div>\n\t\t<div class=\"elementor-element elementor-element-195d353 e-flex e-con-boxed e-con e-parent\" data-id=\"195d353\" data-element_type=\"container\">\n\t\t\t\t\t<div class=\"e-con-inner\">\n\t\t\t\t\t<\/div>\n\t\t\t\t<\/div>\n\t\t<div class=\"elementor-element elementor-element-36fb0854 e-flex e-con-boxed e-con e-parent\" data-id=\"36fb0854\" data-element_type=\"container\" data-settings=\"{&quot;background_background&quot;:&quot;classic&quot;}\">\n\t\t\t\t\t<div class=\"e-con-inner\">\n\t\t<div class=\"elementor-element elementor-element-127eacfc e-con-full e-flex e-con e-child\" data-id=\"127eacfc\" data-element_type=\"container\" data-settings=\"{&quot;background_background&quot;:&quot;classic&quot;}\">\n\t\t<div class=\"elementor-element elementor-element-da46578 e-con-full e-flex e-con e-child\" data-id=\"da46578\" data-element_type=\"container\">\n\t\t<div class=\"elementor-element elementor-element-9b320c9 e-con-full e-flex e-con e-child\" data-id=\"9b320c9\" data-element_type=\"container\">\n\t\t\t\t<div class=\"elementor-element elementor-element-770062e7 elementor-widget__width-inherit elementor-widget elementor-widget-heading\" data-id=\"770062e7\" data-element_type=\"widget\" data-widget_type=\"heading.default\">\n\t\t\t\t<div class=\"elementor-widget-container\">\n\t\t\t\t\t<h2 class=\"elementor-heading-title elementor-size-default\">NOUS REJOINDRE<\/h2>\t\t\t\t<\/div>\n\t\t\t\t<\/div>\n\t\t\t\t<div class=\"elementor-element elementor-element-a0540b0 elementor-widget elementor-widget-text-editor\" data-id=\"a0540b0\" data-element_type=\"widget\" data-widget_type=\"text-editor.default\">\n\t\t\t\t<div class=\"elementor-widget-container\">\n\t\t\t\t\t\t\t\t\t<p>Souscrivez \u00e0 notre newsletter<\/p>\t\t\t\t\t\t\t\t<\/div>\n\t\t\t\t<\/div>\n\t\t\t\t<\/div>\n\t\t<div class=\"elementor-element elementor-element-fa28535 e-con-full e-flex e-con e-child\" data-id=\"fa28535\" data-element_type=\"container\">\n\t\t\t\t<div class=\"elementor-element elementor-element-1dccd8cd elementor-button-align-stretch elementor-widget elementor-widget-form\" data-id=\"1dccd8cd\" data-element_type=\"widget\" data-settings=\"{&quot;step_next_label&quot;:&quot;Suivant&quot;,&quot;step_previous_label&quot;:&quot;Pr\\u00e9c\\u00e9dent&quot;,&quot;button_width&quot;:&quot;40&quot;,&quot;step_type&quot;:&quot;number_text&quot;,&quot;step_icon_shape&quot;:&quot;circle&quot;}\" data-widget_type=\"form.default\">\n\t\t\t\t<div class=\"elementor-widget-container\">\n\t\t\t\t\t\t\t<form class=\"elementor-form\" method=\"post\" name=\"Newsletter\">\n\t\t\t<input type=\"hidden\" name=\"post_id\" value=\"1068\"\/>\n\t\t\t<input type=\"hidden\" name=\"form_id\" value=\"1dccd8cd\"\/>\n\t\t\t<input type=\"hidden\" name=\"referer_title\" value=\"Equipe\" \/>\n\n\t\t\t\t\t\t\t<input type=\"hidden\" name=\"queried_id\" value=\"1068\"\/>\n\t\t\t\n\t\t\t<div class=\"elementor-form-fields-wrapper elementor-labels-\">\n\t\t\t\t\t\t\t\t<div class=\"elementor-field-type-email elementor-field-group elementor-column elementor-field-group-email elementor-col-60 elementor-field-required\">\n\t\t\t\t\t\t\t\t\t\t\t\t<label for=\"form-field-email\" class=\"elementor-field-label elementor-screen-only\">\n\t\t\t\t\t\t\t\tVotre adresse email\t\t\t\t\t\t\t<\/label>\n\t\t\t\t\t\t\t\t\t\t\t\t\t\t<input size=\"1\" type=\"email\" name=\"form_fields[email]\" id=\"form-field-email\" class=\"elementor-field elementor-size-sm  elementor-field-textual\" placeholder=\"Votre adresse email\" required=\"required\">\n\t\t\t\t\t\t\t\t\t\t\t<\/div>\n\t\t\t\t\t\t\t\t<div class=\"elementor-field-group elementor-column elementor-field-type-submit elementor-col-40 e-form__buttons\">\n\t\t\t\t\t<button class=\"elementor-button elementor-size-sm\" type=\"submit\">\n\t\t\t\t\t\t<span class=\"elementor-button-content-wrapper\">\n\t\t\t\t\t\t\t\t\t\t\t\t\t\t\t\t\t\t\t\t\t\t<span class=\"elementor-button-text\">S'abonner<\/span>\n\t\t\t\t\t\t\t\t\t\t\t\t\t<\/span>\n\t\t\t\t\t<\/button>\n\t\t\t\t<\/div>\n\t\t\t<\/div>\n\t\t<\/form>\n\t\t\t\t\t\t<\/div>\n\t\t\t\t<\/div>\n\t\t\t\t<\/div>\n\t\t\t\t<\/div>\n\t\t<div class=\"elementor-element elementor-element-65eaa892 e-con-full elementor-hidden-mobile e-flex e-con e-child\" data-id=\"65eaa892\" data-element_type=\"container\" data-settings=\"{&quot;background_background&quot;:&quot;classic&quot;}\">\n\t\t\t\t<\/div>\n\t\t\t\t<\/div>\n\t\t\t\t\t<\/div>\n\t\t\t\t<\/div>\n\t\t\t\t<\/div>\n\t\t","protected":false},"excerpt":{"rendered":"<p>L&rsquo;\u00e9quipe Samia El Khalfaoui Issam El Khalfaoui Ja\u00ebraymie Juliette Jacobs Carlotta Origoni Julien Boustani Anne Dani Fabien Jobard NOUS REJOINDRE Souscrivez \u00e0 notre newsletter<\/p>\n","protected":false},"author":1,"featured_media":0,"parent":0,"menu_order":0,"comment_status":"closed","ping_status":"closed","template":"","meta":{"footnotes":""},"class_list":["post-1068","page","type-page","status-publish","hentry"],"_links":{"self":[{"href":"https:\/\/stopauxviolencesdetat.fr\/index.php\/wp-json\/wp\/v2\/pages\/1068","targetHints":{"allow":["GET"]}}],"collection":[{"href":"https:\/\/stopauxviolencesdetat.fr\/index.php\/wp-json\/wp\/v2\/pages"}],"about":[{"href":"https:\/\/stopauxviolencesdetat.fr\/index.php\/wp-json\/wp\/v2\/types\/page"}],"author":[{"embeddable":true,"href":"https:\/\/stopauxviolencesdetat.fr\/index.php\/wp-json\/wp\/v2\/users\/1"}],"replies":[{"embeddable":true,"href":"https:\/\/stopauxviolencesdetat.fr\/index.php\/wp-json\/wp\/v2\/comments?post=1068"}],"version-history":[{"count":70,"href":"https:\/\/stopauxviolencesdetat.fr\/index.php\/wp-json\/wp\/v2\/pages\/1068\/revisions"}],"predecessor-version":[{"id":1233,"href":"https:\/\/stopauxviolencesdetat.fr\/index.php\/wp-json\/wp\/v2\/pages\/1068\/revisions\/1233"}],"wp:attachment":[{"href":"https:\/\/stopauxviolencesdetat.fr\/index.php\/wp-json\/wp\/v2\/media?parent=1068"}],"curies":[{"name":"wp","href":"https:\/\/api.w.org\/{rel}","templated":true}]}}